{"id":136,"date":"2025-11-18T17:35:38","date_gmt":"2025-11-18T17:35:38","guid":{"rendered":"http:\/\/jehaes.01secu.be\/?page_id=136"},"modified":"2025-11-21T11:03:04","modified_gmt":"2025-11-21T11:03:04","slug":"pompes-a-chaleur","status":"publish","type":"page","link":"https:\/\/jehaes.01secu.be\/index.php\/pompes-a-chaleur\/","title":{"rendered":"Pompes \u00e0 chaleur"},"content":{"rendered":"\t\t<div data-elementor-type=\"wp-page\" data-elementor-id=\"136\" class=\"elementor elementor-136\" data-elementor-post-type=\"page\">\n\t\t\t\t<div class=\"elementor-element elementor-element-2363c25 e-flex e-con-boxed e-con e-parent\" data-id=\"2363c25\" data-element_type=\"container\">\n\t\t\t\t\t<div class=\"e-con-inner\">\n\t\t\t\t<div class=\"elementor-element elementor-element-6bdc4ff elementor-widget-divider--view-line elementor-widget elementor-widget-divider\" data-id=\"6bdc4ff\" data-element_type=\"widget\" data-widget_type=\"divider.default\">\n\t\t\t\t\t\t\t<div class=\"elementor-divider\">\n\t\t\t<span class=\"elementor-divider-separator\">\n\t\t\t\t\t\t<\/span>\n\t\t<\/div>\n\t\t\t\t\t\t<\/div>\n\t\t\t\t\t<\/div>\n\t\t\t\t<\/div>\n\t\t<div class=\"elementor-element elementor-element-ff3215c e-grid e-con-boxed e-con e-parent\" data-id=\"ff3215c\" data-element_type=\"container\" data-settings=\"{&quot;background_background&quot;:&quot;classic&quot;}\">\n\t\t\t\t\t<div class=\"e-con-inner\">\n\t\t<div class=\"elementor-element elementor-element-5853ebf e-con-full e-flex e-con e-child\" data-id=\"5853ebf\" data-element_type=\"container\" data-settings=\"{&quot;background_background&quot;:&quot;classic&quot;}\">\n\t\t\t\t<div class=\"elementor-element elementor-element-7b1207f elementor-widget elementor-widget-text-editor\" data-id=\"7b1207f\" data-element_type=\"widget\" data-widget_type=\"text-editor.default\">\n\t\t\t\t\t\t\t\t\t<p>Un d\u00e9pannage urgent ? Contactez le 04 248 03 98 !<\/p>\t\t\t\t\t\t\t\t<\/div>\n\t\t\t\t<\/div>\n\t\t\t\t\t<\/div>\n\t\t\t\t<\/div>\n\t\t<div class=\"elementor-element elementor-element-be9ae7f e-flex e-con-boxed e-con e-parent\" data-id=\"be9ae7f\" data-element_type=\"container\">\n\t\t\t\t\t<div class=\"e-con-inner\">\n\t\t\t\t<div class=\"elementor-element elementor-element-2459381a elementor-widget__width-initial elementor-widget elementor-widget-text-editor\" data-id=\"2459381a\" data-element_type=\"widget\" data-widget_type=\"text-editor.default\">\n\t\t\t\t\t\t\t\t\t<div id=\"comp-kq6dodoz\" class=\"Z_l5lU ku3DBC zQ9jDz qvSjx3 Vq6kJx comp-kq6dodoz wixui-rich-text\" data-testid=\"richTextElement\"><p class=\"font_7 wixui-rich-text__text\"><span class=\"wixui-rich-text__text\">Les pompes \u00e0 chaleur sont utiles pour chauffer les diff\u00e9rentes pi\u00e8ces de votre maison et \u00e9galement pour l\u2019eau sanitaire, le refroidissement et la d\u00e9shumidification.<\/span><\/p><p class=\"font_7 wixui-rich-text__text\"><span class=\"wixui-rich-text__text\">\u200b<\/span><\/p><p class=\"font_7 wixui-rich-text__text\"><span class=\"wixui-rich-text__text\">Ces syst\u00e8mes constituent une alternative tr\u00e8s int\u00e9ressante et \u00e9conomique par rapport \u00e0 une chaudi\u00e8re traditionnelle. De plus en plus pr\u00e9conis\u00e9e dans les nouvelles constructions et les r\u00e9novations, les pompes \u00e0 chaleur pr\u00e9sentent de nombreux avantages : faibles co\u00fbts d\u2019installation et de consommation, \u00e9missions de CO\u00b2 tr\u00e8s r\u00e9duites, rendements sup\u00e9rieurs aux chauffages classiques, chaleur agr\u00e9able et confortable\u2026<\/span><\/p><p class=\"font_7 wixui-rich-text__text\"><span class=\"wixui-rich-text__text\">\u200b<\/span><\/p><p class=\"font_7 wixui-rich-text__text\"><span class=\"wixui-rich-text__text\">Notre entreprise installe et entretient les pompes \u00e0 chaleur \u00e9lectriques AIR\/AIR et AIR\/EAU.<\/span><\/p><p class=\"font_7 wixui-rich-text__text\"><span class=\"wixui-rich-text__text\">D\u00e9couvrez la gamme de pompe \u00e0 chaleur Daikin sur\u00a0<span class=\"color_18 wixui-rich-text__text\"><a class=\"wixui-rich-text__text\" href=\"https:\/\/www.daikin.be\/fr_be\/Domaine-dexpertise\/chauffage.html?creative=319610370945&amp;keyword=daikin&amp;matchtype=e&amp;network=g&amp;device=c&amp;gclid=EAIaIQobChMI1qTSmMCY4AIVCud3Ch1sbgGMEAAYASABEgKTwPD_BwE\" target=\"_blank\" rel=\"noreferrer noopener\">www.daikin.be<\/a> ou sur <a href=\"https:\/\/fujitsu-airco.be\/fr\/produits\/\">fujitsu-airco.be\/fr\/produits\/<\/a> <\/span><\/span><\/p><p>\u00a0<\/p><\/div>\t\t\t\t\t\t\t\t<\/div>\n\t\t<div class=\"elementor-element elementor-element-2d1fdc65 e-con-full e-flex e-con e-child\" data-id=\"2d1fdc65\" data-element_type=\"container\">\n\t\t\t\t<div class=\"elementor-element elementor-element-4ac0dd1 elementor-widget__width-initial elementor-arrows-position-inside elementor-pagination-position-outside elementor-widget elementor-widget-image-carousel\" data-id=\"4ac0dd1\" data-element_type=\"widget\" data-settings=\"{&quot;navigation&quot;:&quot;both&quot;,&quot;autoplay&quot;:&quot;yes&quot;,&quot;pause_on_hover&quot;:&quot;yes&quot;,&quot;pause_on_interaction&quot;:&quot;yes&quot;,&quot;autoplay_speed&quot;:5000,&quot;infinite&quot;:&quot;yes&quot;,&quot;speed&quot;:500}\" data-widget_type=\"image-carousel.default\">\n\t\t\t\t\t\t\t<div class=\"elementor-image-carousel-wrapper swiper\" role=\"region\" aria-roledescription=\"carousel\" aria-label=\"Carrousel d\u2019images\" dir=\"ltr\">\n\t\t\t<div class=\"elementor-image-carousel swiper-wrapper\" aria-live=\"off\">\n\t\t\t\t\t\t\t\t<div class=\"swiper-slide\" role=\"group\" aria-roledescription=\"slide\" aria-label=\"1 of 5\"><figure class=\"swiper-slide-inner\"><img decoding=\"async\" class=\"swiper-slide-image\" src=\"https:\/\/jehaes.01secu.be\/wp-content\/uploads\/2025\/11\/71ec36_cc098c59442e457cabfcbba2c29d1347mv2.png\" alt=\"71ec36_cc098c59442e457cabfcbba2c29d1347~mv2\" \/><\/figure><\/div><div class=\"swiper-slide\" role=\"group\" aria-roledescription=\"slide\" aria-label=\"2 of 5\"><figure class=\"swiper-slide-inner\"><img decoding=\"async\" class=\"swiper-slide-image\" src=\"https:\/\/jehaes.01secu.be\/wp-content\/uploads\/2025\/11\/71ec36_fd50799daa0b4973b0211a3d21cbc50bmv2.png\" alt=\"71ec36_fd50799daa0b4973b0211a3d21cbc50b~mv2\" \/><\/figure><\/div><div class=\"swiper-slide\" role=\"group\" aria-roledescription=\"slide\" aria-label=\"3 of 5\"><figure class=\"swiper-slide-inner\"><img decoding=\"async\" class=\"swiper-slide-image\" src=\"https:\/\/jehaes.01secu.be\/wp-content\/uploads\/2025\/11\/chsol.png\" alt=\"chsol\" \/><\/figure><\/div><div class=\"swiper-slide\" role=\"group\" aria-roledescription=\"slide\" aria-label=\"4 of 5\"><figure class=\"swiper-slide-inner\"><img decoding=\"async\" class=\"swiper-slide-image\" src=\"https:\/\/jehaes.01secu.be\/wp-content\/uploads\/2025\/11\/images.jpg\" alt=\"images\" \/><\/figure><\/div><div class=\"swiper-slide\" role=\"group\" aria-roledescription=\"slide\" aria-label=\"5 of 5\"><figure class=\"swiper-slide-inner\"><img decoding=\"async\" class=\"swiper-slide-image\" src=\"https:\/\/jehaes.01secu.be\/wp-content\/uploads\/2025\/11\/Sans-titre.jpg\" alt=\"Sans titre\" \/><\/figure><\/div>\t\t\t<\/div>\n\t\t\t\t\t\t\t\t\t\t\t\t<div class=\"elementor-swiper-button elementor-swiper-button-prev\" role=\"button\" tabindex=\"0\">\n\t\t\t\t\t\t<svg aria-hidden=\"true\" class=\"e-font-icon-svg e-eicon-chevron-left\" viewBox=\"0 0 1000 1000\" xmlns=\"http:\/\/www.w3.org\/2000\/svg\"><path d=\"M646 125C629 125 613 133 604 142L308 442C296 454 292 471 292 487 292 504 296 521 308 533L604 854C617 867 629 875 646 875 663 875 679 871 692 858 704 846 713 829 713 812 713 796 708 779 692 767L438 487 692 225C700 217 708 204 708 187 708 171 704 154 692 142 675 129 663 125 646 125Z\"><\/path><\/svg>\t\t\t\t\t<\/div>\n\t\t\t\t\t<div class=\"elementor-swiper-button elementor-swiper-button-next\" role=\"button\" tabindex=\"0\">\n\t\t\t\t\t\t<svg aria-hidden=\"true\" class=\"e-font-icon-svg e-eicon-chevron-right\" viewBox=\"0 0 1000 1000\" xmlns=\"http:\/\/www.w3.org\/2000\/svg\"><path d=\"M696 533C708 521 713 504 713 487 713 471 708 454 696 446L400 146C388 133 375 125 354 125 338 125 325 129 313 142 300 154 292 171 292 187 292 204 296 221 308 233L563 492 304 771C292 783 288 800 288 817 288 833 296 850 308 863 321 871 338 875 354 875 371 875 388 867 400 854L696 533Z\"><\/path><\/svg>\t\t\t\t\t<\/div>\n\t\t\t\t\n\t\t\t\t\t\t\t\t\t<div class=\"swiper-pagination\"><\/div>\n\t\t\t\t\t\t\t\t\t<\/div>\n\t\t\t\t\t\t<\/div>\n\t\t\t\t<div class=\"elementor-element elementor-element-b73fb47 elementor-widget elementor-widget-image\" data-id=\"b73fb47\" data-element_type=\"widget\" data-widget_type=\"image.default\">\n\t\t\t\t\t\t\t\t\t\t\t\t\t\t\t<img decoding=\"async\" width=\"275\" height=\"75\" src=\"https:\/\/jehaes.01secu.be\/wp-content\/uploads\/2025\/11\/Daikin-Fujitsu.png\" class=\"attachment-large size-large wp-image-215\" alt=\"\" \/>\t\t\t\t\t\t\t\t\t\t\t\t\t\t\t<\/div>\n\t\t\t\t<\/div>\n\t\t\t\t\t<\/div>\n\t\t\t\t<\/div>\n\t\t<div class=\"elementor-element elementor-element-23a1047 e-flex e-con-boxed e-con e-parent\" data-id=\"23a1047\" data-element_type=\"container\">\n\t\t\t\t\t<div class=\"e-con-inner\">\n\t\t\t\t<div class=\"elementor-element elementor-element-7d8ff49 elementor-widget-divider--view-line elementor-widget elementor-widget-divider\" data-id=\"7d8ff49\" data-element_type=\"widget\" data-widget_type=\"divider.default\">\n\t\t\t\t\t\t\t<div class=\"elementor-divider\">\n\t\t\t<span class=\"elementor-divider-separator\">\n\t\t\t\t\t\t<\/span>\n\t\t<\/div>\n\t\t\t\t\t\t<\/div>\n\t\t\t\t\t<\/div>\n\t\t\t\t<\/div>\n\t\t\t\t<\/div>\n\t\t","protected":false},"excerpt":{"rendered":"<p>Un d\u00e9pannage urgent ? Contactez le 04 248 03 98 ! Les pompes \u00e0 chaleur sont utiles pour chauffer les diff\u00e9rentes pi\u00e8ces de votre maison et \u00e9galement pour l\u2019eau sanitaire, le refroidissement et la d\u00e9shumidification. \u200b Ces syst\u00e8mes constituent une alternative tr\u00e8s int\u00e9ressante et \u00e9conomique par rapport \u00e0 une chaudi\u00e8re traditionnelle. De plus en plus [&hellip;]<\/p>\n","protected":false},"author":1,"featured_media":0,"parent":0,"menu_order":0,"comment_status":"closed","ping_status":"closed","template":"","meta":{"footnotes":""},"class_list":["post-136","page","type-page","status-publish","hentry","entry"],"_links":{"self":[{"href":"https:\/\/jehaes.01secu.be\/index.php\/wp-json\/wp\/v2\/pages\/136","targetHints":{"allow":["GET"]}}],"collection":[{"href":"https:\/\/jehaes.01secu.be\/index.php\/wp-json\/wp\/v2\/pages"}],"about":[{"href":"https:\/\/jehaes.01secu.be\/index.php\/wp-json\/wp\/v2\/types\/page"}],"author":[{"embeddable":true,"href":"https:\/\/jehaes.01secu.be\/index.php\/wp-json\/wp\/v2\/users\/1"}],"replies":[{"embeddable":true,"href":"https:\/\/jehaes.01secu.be\/index.php\/wp-json\/wp\/v2\/comments?post=136"}],"version-history":[{"count":19,"href":"https:\/\/jehaes.01secu.be\/index.php\/wp-json\/wp\/v2\/pages\/136\/revisions"}],"predecessor-version":[{"id":272,"href":"https:\/\/jehaes.01secu.be\/index.php\/wp-json\/wp\/v2\/pages\/136\/revisions\/272"}],"wp:attachment":[{"href":"https:\/\/jehaes.01secu.be\/index.php\/wp-json\/wp\/v2\/media?parent=136"}],"curies":[{"name":"wp","href":"https:\/\/api.w.org\/{rel}","templated":true}]}}