{"id":139,"date":"2025-11-18T17:37:20","date_gmt":"2025-11-18T17:37:20","guid":{"rendered":"http:\/\/jehaes.01secu.be\/?page_id=139"},"modified":"2025-11-21T11:07:52","modified_gmt":"2025-11-21T11:07:52","slug":"climatisation","status":"publish","type":"page","link":"https:\/\/jehaes.01secu.be\/index.php\/climatisation\/","title":{"rendered":"Climatisation"},"content":{"rendered":"\t\t<div data-elementor-type=\"wp-page\" data-elementor-id=\"139\" class=\"elementor elementor-139\" data-elementor-post-type=\"page\">\n\t\t\t\t<div class=\"elementor-element elementor-element-02de0c7 e-flex e-con-boxed e-con e-parent\" data-id=\"02de0c7\" data-element_type=\"container\">\n\t\t\t\t\t<div class=\"e-con-inner\">\n\t\t\t\t<div class=\"elementor-element elementor-element-493f91b elementor-widget-divider--view-line elementor-widget elementor-widget-divider\" data-id=\"493f91b\" data-element_type=\"widget\" data-widget_type=\"divider.default\">\n\t\t\t\t\t\t\t<div class=\"elementor-divider\">\n\t\t\t<span class=\"elementor-divider-separator\">\n\t\t\t\t\t\t<\/span>\n\t\t<\/div>\n\t\t\t\t\t\t<\/div>\n\t\t\t\t\t<\/div>\n\t\t\t\t<\/div>\n\t\t<div class=\"elementor-element elementor-element-0701b28 e-flex e-con-boxed e-con e-parent\" data-id=\"0701b28\" data-element_type=\"container\">\n\t\t\t\t\t<div class=\"e-con-inner\">\n\t\t<div class=\"elementor-element elementor-element-3b88efc e-grid e-con-full e-con e-child\" data-id=\"3b88efc\" data-element_type=\"container\" data-settings=\"{&quot;background_background&quot;:&quot;classic&quot;}\">\n\t\t<div class=\"elementor-element elementor-element-4a56488 e-con-full e-flex e-con e-child\" data-id=\"4a56488\" data-element_type=\"container\" data-settings=\"{&quot;background_background&quot;:&quot;classic&quot;}\">\n\t\t\t\t<div class=\"elementor-element elementor-element-ab1c17a elementor-widget elementor-widget-text-editor\" data-id=\"ab1c17a\" data-element_type=\"widget\" data-widget_type=\"text-editor.default\">\n\t\t\t\t\t\t\t\t\t<p>Un d\u00e9pannage urgent ? Contactez le 04 248 03 98 !<\/p>\t\t\t\t\t\t\t\t<\/div>\n\t\t\t\t<\/div>\n\t\t\t\t<\/div>\n\t\t\t\t\t<\/div>\n\t\t\t\t<\/div>\n\t\t<div class=\"elementor-element elementor-element-d82d15a e-flex e-con-boxed e-con e-parent\" data-id=\"d82d15a\" data-element_type=\"container\">\n\t\t\t\t\t<div class=\"e-con-inner\">\n\t\t<div class=\"elementor-element elementor-element-94a92a6 e-con-full e-flex e-con e-child\" data-id=\"94a92a6\" data-element_type=\"container\">\n\t\t<div class=\"elementor-element elementor-element-0cb010f e-con-full e-flex e-con e-child\" data-id=\"0cb010f\" data-element_type=\"container\">\n\t\t<div class=\"elementor-element elementor-element-4c2a41a e-con-full e-flex e-con e-child\" data-id=\"4c2a41a\" data-element_type=\"container\">\n\t\t\t\t<div class=\"elementor-element elementor-element-dbdcbd9 elementor-widget elementor-widget-heading\" data-id=\"dbdcbd9\" data-element_type=\"widget\" data-widget_type=\"heading.default\">\n\t\t\t\t\t<h2 class=\"elementor-heading-title elementor-size-default\">INSTALLATION, D\u00c9PANNAGE ET ENTRETIEN DE CLIMATISATION \u00c0 LI\u00c8GE<\/h2>\t\t\t\t<\/div>\n\t\t\t\t<div class=\"elementor-element elementor-element-62dd22f elementor-widget elementor-widget-text-editor\" data-id=\"62dd22f\" data-element_type=\"widget\" data-widget_type=\"text-editor.default\">\n\t\t\t\t\t\t\t\t\t<div id=\"comp-kq69szhn\" class=\"Z_l5lU ku3DBC zQ9jDz qvSjx3 Vq6kJx comp-kq69szhn wixui-rich-text\" data-testid=\"richTextElement\"><div id=\"comp-kq6c0mo6\" class=\"Z_l5lU ku3DBC zQ9jDz qvSjx3 Vq6kJx comp-kq6c0mo6 wixui-rich-text\" data-testid=\"richTextElement\"><p class=\"font_7 wixui-rich-text__text\"><span class=\"wixui-rich-text__text\">Situ\u00e9e dans le Zoning des Hauts Sart, en province de Li\u00e8ge, la SPRL Climatisation Jehaes est une entreprise sp\u00e9cialis\u00e9e dans le montage, l\u2019entretien et le d\u00e9pannage d\u2019appareils de climatisation et de pompes \u00e0 chaleur.<\/span><\/p><p class=\"font_7 wixui-rich-text__text\"><span class=\"wixui-rich-text__text\"><span class=\"wixGuard wixui-rich-text__text\">\u200b<\/span><\/span><span class=\"wixui-rich-text__text\">Par notre savoir-faire, exp\u00e9rience (plus de 35 ans) et professionnalisme, tant au service des particuliers que des professionnels, nous mettons tout en \u0153uvre afin de vous fournir les meilleures prestations qui soient et vous satisfaire enti\u00e8rement.<\/span><\/p><p class=\"font_7 wixui-rich-text__text\"><span class=\"wixui-rich-text__text\"><span class=\"wixGuard wixui-rich-text__text\">\u200b<\/span><\/span><span class=\"wixui-rich-text__text\">Nos syst\u00e8mes de climatisation et de conditionnement d\u2019air sont tr\u00e8s performants. Ils contr\u00f4lent la temp\u00e9rature, l\u2019humidit\u00e9, la purification et la circulation de l\u2019air. Gr\u00e2ce \u00e0 nos installations, vous pourrez b\u00e9n\u00e9ficier d\u2019un climat ambiant agr\u00e9able et d\u2019un bien-\u00eatre dans chaque pi\u00e8ce de votre maison, locaux et bureaux.<\/span><\/p><\/div><\/div>\t\t\t\t\t\t\t\t<\/div>\n\t\t\t\t<div class=\"elementor-element elementor-element-4558c22 elementor-widget elementor-widget-image\" data-id=\"4558c22\" data-element_type=\"widget\" data-widget_type=\"image.default\">\n\t\t\t\t\t\t\t\t\t\t\t\t\t\t\t<img fetchpriority=\"high\" decoding=\"async\" width=\"457\" height=\"159\" src=\"https:\/\/jehaes.01secu.be\/wp-content\/uploads\/2025\/11\/p2_2.png\" class=\"attachment-large size-large wp-image-210\" alt=\"\" srcset=\"https:\/\/jehaes.01secu.be\/wp-content\/uploads\/2025\/11\/p2_2.png 457w, https:\/\/jehaes.01secu.be\/wp-content\/uploads\/2025\/11\/p2_2-300x104.png 300w\" sizes=\"(max-width: 457px) 100vw, 457px\" \/>\t\t\t\t\t\t\t\t\t\t\t\t\t\t\t<\/div>\n\t\t\t\t<\/div>\n\t\t\t\t<\/div>\n\t\t<div class=\"elementor-element elementor-element-6c0c40f e-con-full e-flex e-con e-child\" data-id=\"6c0c40f\" data-element_type=\"container\">\n\t\t<div class=\"elementor-element elementor-element-3cf76f2 e-con-full e-flex e-con e-child\" data-id=\"3cf76f2\" data-element_type=\"container\">\n\t\t\t\t<div class=\"elementor-element elementor-element-55aaf15 elementor-widget elementor-widget-image\" data-id=\"55aaf15\" data-element_type=\"widget\" data-widget_type=\"image.default\">\n\t\t\t\t\t\t\t\t\t\t\t\t\t\t\t<img decoding=\"async\" width=\"326\" height=\"378\" src=\"https:\/\/jehaes.01secu.be\/wp-content\/uploads\/2025\/11\/climatisations.png\" class=\"attachment-large size-large wp-image-208\" alt=\"\" srcset=\"https:\/\/jehaes.01secu.be\/wp-content\/uploads\/2025\/11\/climatisations.png 326w, https:\/\/jehaes.01secu.be\/wp-content\/uploads\/2025\/11\/climatisations-259x300.png 259w\" sizes=\"(max-width: 326px) 100vw, 326px\" \/>\t\t\t\t\t\t\t\t\t\t\t\t\t\t\t<\/div>\n\t\t\t\t<\/div>\n\t\t<div class=\"elementor-element elementor-element-c88e84c e-con-full e-flex e-con e-child\" data-id=\"c88e84c\" data-element_type=\"container\">\n\t\t\t\t<div class=\"elementor-element elementor-element-038938d elementor-widget elementor-widget-image\" data-id=\"038938d\" data-element_type=\"widget\" data-widget_type=\"image.default\">\n\t\t\t\t\t\t\t\t\t\t\t\t\t\t\t<img decoding=\"async\" width=\"275\" height=\"75\" src=\"https:\/\/jehaes.01secu.be\/wp-content\/uploads\/2025\/11\/Daikin-Fujitsu.png\" class=\"attachment-large size-large wp-image-215\" alt=\"\" \/>\t\t\t\t\t\t\t\t\t\t\t\t\t\t\t<\/div>\n\t\t\t\t<\/div>\n\t\t\t\t<\/div>\n\t\t\t\t<\/div>\n\t\t\t\t\t<\/div>\n\t\t\t\t<\/div>\n\t\t<div class=\"elementor-element elementor-element-2832b28 e-flex e-con-boxed e-con e-parent\" data-id=\"2832b28\" data-element_type=\"container\">\n\t\t\t\t\t<div class=\"e-con-inner\">\n\t\t<div class=\"elementor-element elementor-element-66387c2 e-con-full e-flex e-con e-child\" data-id=\"66387c2\" data-element_type=\"container\">\n\t\t\t\t<div class=\"elementor-element elementor-element-36ee683 elementor-widget elementor-widget-text-editor\" data-id=\"36ee683\" data-element_type=\"widget\" data-widget_type=\"text-editor.default\">\n\t\t\t\t\t\t\t\t\t<div id=\"comp-kq6cua9f\" class=\"Z_l5lU ku3DBC zQ9jDz qvSjx3 Vq6kJx comp-kq6cua9f wixui-rich-text\" data-testid=\"richTextElement\"><p class=\"font_7 wixui-rich-text__text\"><span class=\"wixui-rich-text__text\">Lors de chacune de nos interventions (partout en Belgique), nous s\u00e9lectionnons des mat\u00e9riaux et articles de qualit\u00e9 sup\u00e9rieure avec des garanties allant jusqu\u2019\u00e0 5 ans. Nous travaillons proprement et dans les plus brefs d\u00e9lais. Nos prix sont tr\u00e8s concurrentiels et nos devis sont gratuits et remis rapidement. Faites \u00e9galement appel \u00e0 nos services pour l\u2019am\u00e9nagement de vos caves \u00e0 vins.<\/span><span class=\"wixui-rich-text__text\">\u200b<\/span><\/p><p class=\"font_7 wixui-rich-text__text\"><strong><span class=\"wixui-rich-text__text\">D\u00e9couvrez la gamme climatisation\u00a0<\/span><\/strong><\/p><\/div>\t\t\t\t\t\t\t\t<\/div>\n\t\t\t\t<\/div>\n\t\t<div class=\"elementor-element elementor-element-7e84295 e-con-full e-flex e-con e-child\" data-id=\"7e84295\" data-element_type=\"container\" data-settings=\"{&quot;background_background&quot;:&quot;classic&quot;}\">\n\t\t\t\t<div class=\"elementor-element elementor-element-e4ccd4e elementor-widget elementor-widget-heading\" data-id=\"e4ccd4e\" data-element_type=\"widget\" data-widget_type=\"heading.default\">\n\t\t\t\t\t<h2 class=\"elementor-heading-title elementor-size-default\">Pour plus de renseignements,<\/h2>\t\t\t\t<\/div>\n\t\t\t\t<div class=\"elementor-element elementor-element-94187d1 elementor-widget elementor-widget-text-editor\" data-id=\"94187d1\" data-element_type=\"widget\" data-widget_type=\"text-editor.default\">\n\t\t\t\t\t\t\t\t\t<div class=\"uYj0Sg wixui-box\" data-testid=\"container-bg\">\u00a0<\/div><div class=\"\" data-mesh-id=\"comp-kq6be64rinlineContent\" data-testid=\"inline-content\"><div data-mesh-id=\"comp-kq6be64rinlineContent-gridContainer\" data-testid=\"mesh-container-content\"><div id=\"comp-kq6dip7v\" class=\"comp-kq6dip7v SPY_vo\"><div class=\"\" data-mesh-id=\"comp-kq6dip7vinlineContent\" data-testid=\"inline-content\"><div data-mesh-id=\"comp-kq6dip7vinlineContent-gridContainer\" data-testid=\"mesh-container-content\"><div id=\"comp-kq6be657\" class=\"Z_l5lU MMl86N zQ9jDz qvSjx3 Vq6kJx comp-kq6be657 wixui-rich-text\" data-testid=\"richTextElement\"><p class=\"font_8 wixui-rich-text__text\"><span class=\"color_36 wixui-rich-text__text\"><span class=\"wixui-rich-text__text\">n\u2019h\u00e9sitez pas \u00e0 nous contacter. <\/span><\/span><\/p><p class=\"font_8 wixui-rich-text__text\"><span class=\"color_36 wixui-rich-text__text\"><span class=\"wixui-rich-text__text\">Nous nous ferons un plaisir de vous r\u00e9pondre et vous conseiller au mieux !<\/span><\/span><\/p><\/div><\/div><\/div><\/div><\/div><\/div>\t\t\t\t\t\t\t\t<\/div>\n\t\t\t\t<\/div>\n\t\t<div class=\"elementor-element elementor-element-fe999bf e-con-full e-flex e-con e-child\" data-id=\"fe999bf\" data-element_type=\"container\">\n\t\t\t\t<div class=\"elementor-element elementor-element-eb2766b elementor-widget elementor-widget-image\" data-id=\"eb2766b\" data-element_type=\"widget\" data-widget_type=\"image.default\">\n\t\t\t\t\t\t\t\t\t\t\t\t\t\t\t<img loading=\"lazy\" decoding=\"async\" width=\"518\" height=\"175\" src=\"https:\/\/jehaes.01secu.be\/wp-content\/uploads\/2025\/11\/LogoFull.png\" class=\"attachment-large size-large wp-image-209\" alt=\"\" srcset=\"https:\/\/jehaes.01secu.be\/wp-content\/uploads\/2025\/11\/LogoFull.png 518w, https:\/\/jehaes.01secu.be\/wp-content\/uploads\/2025\/11\/LogoFull-300x101.png 300w\" sizes=\"(max-width: 518px) 100vw, 518px\" \/>\t\t\t\t\t\t\t\t\t\t\t\t\t\t\t<\/div>\n\t\t\t\t<\/div>\n\t\t<div class=\"elementor-element elementor-element-cdbd6f9 e-con-full e-flex e-con e-child\" data-id=\"cdbd6f9\" data-element_type=\"container\">\n\t\t\t\t<div class=\"elementor-element elementor-element-13800fe elementor-align-center elementor-widget elementor-widget-button\" data-id=\"13800fe\" data-element_type=\"widget\" data-widget_type=\"button.default\">\n\t\t\t\t\t\t\t\t\t\t<a class=\"elementor-button elementor-button-link elementor-size-sm\" href=\"http:\/\/jehaes.01secu.be\/index.php\/contact\/\">\n\t\t\t\t\t\t<span class=\"elementor-button-content-wrapper\">\n\t\t\t\t\t\t\t\t\t<span class=\"elementor-button-text\">Contactez nous !<\/span>\n\t\t\t\t\t<\/span>\n\t\t\t\t\t<\/a>\n\t\t\t\t\t\t\t\t<\/div>\n\t\t\t\t<\/div>\n\t\t\t\t\t<\/div>\n\t\t\t\t<\/div>\n\t\t\t\t<\/div>\n\t\t","protected":false},"excerpt":{"rendered":"<p>Un d\u00e9pannage urgent ? Contactez le 04 248 03 98 ! INSTALLATION, D\u00c9PANNAGE ET ENTRETIEN DE CLIMATISATION \u00c0 LI\u00c8GE Situ\u00e9e dans le Zoning des Hauts Sart, en province de Li\u00e8ge, la SPRL Climatisation Jehaes est une entreprise sp\u00e9cialis\u00e9e dans le montage, l\u2019entretien et le d\u00e9pannage d\u2019appareils de climatisation et de pompes \u00e0 chaleur. \u200bPar notre [&hellip;]<\/p>\n","protected":false},"author":1,"featured_media":0,"parent":0,"menu_order":0,"comment_status":"closed","ping_status":"closed","template":"","meta":{"footnotes":""},"class_list":["post-139","page","type-page","status-publish","hentry","entry"],"_links":{"self":[{"href":"https:\/\/jehaes.01secu.be\/index.php\/wp-json\/wp\/v2\/pages\/139","targetHints":{"allow":["GET"]}}],"collection":[{"href":"https:\/\/jehaes.01secu.be\/index.php\/wp-json\/wp\/v2\/pages"}],"about":[{"href":"https:\/\/jehaes.01secu.be\/index.php\/wp-json\/wp\/v2\/types\/page"}],"author":[{"embeddable":true,"href":"https:\/\/jehaes.01secu.be\/index.php\/wp-json\/wp\/v2\/users\/1"}],"replies":[{"embeddable":true,"href":"https:\/\/jehaes.01secu.be\/index.php\/wp-json\/wp\/v2\/comments?post=139"}],"version-history":[{"count":43,"href":"https:\/\/jehaes.01secu.be\/index.php\/wp-json\/wp\/v2\/pages\/139\/revisions"}],"predecessor-version":[{"id":282,"href":"https:\/\/jehaes.01secu.be\/index.php\/wp-json\/wp\/v2\/pages\/139\/revisions\/282"}],"wp:attachment":[{"href":"https:\/\/jehaes.01secu.be\/index.php\/wp-json\/wp\/v2\/media?parent=139"}],"curies":[{"name":"wp","href":"https:\/\/api.w.org\/{rel}","templated":true}]}}