{"id":52,"date":"2025-11-18T10:12:28","date_gmt":"2025-11-18T10:12:28","guid":{"rendered":"http:\/\/jehaes.01secu.be\/?page_id=52"},"modified":"2025-11-21T10:49:15","modified_gmt":"2025-11-21T10:49:15","slug":"acceuil","status":"publish","type":"page","link":"https:\/\/jehaes.01secu.be\/","title":{"rendered":"Acceuil"},"content":{"rendered":"\t\t<div data-elementor-type=\"wp-page\" data-elementor-id=\"52\" class=\"elementor elementor-52\" data-elementor-post-type=\"page\">\n\t\t\t\t<div class=\"elementor-element elementor-element-2e993d6 e-flex e-con-boxed e-con e-parent\" data-id=\"2e993d6\" data-element_type=\"container\">\n\t\t\t\t\t<div class=\"e-con-inner\">\n\t\t\t\t<div class=\"elementor-element elementor-element-322a77e elementor-widget-divider--view-line elementor-widget elementor-widget-divider\" data-id=\"322a77e\" data-element_type=\"widget\" data-widget_type=\"divider.default\">\n\t\t\t\t\t\t\t<div class=\"elementor-divider\">\n\t\t\t<span class=\"elementor-divider-separator\">\n\t\t\t\t\t\t<\/span>\n\t\t<\/div>\n\t\t\t\t\t\t<\/div>\n\t\t\t\t\t<\/div>\n\t\t\t\t<\/div>\n\t\t<div class=\"elementor-element elementor-element-a61163c e-grid e-con-boxed e-con e-parent\" data-id=\"a61163c\" data-element_type=\"container\" data-settings=\"{&quot;background_background&quot;:&quot;classic&quot;}\">\n\t\t\t\t\t<div class=\"e-con-inner\">\n\t\t<div class=\"elementor-element elementor-element-dc8da56 e-con-full e-flex e-con e-child\" data-id=\"dc8da56\" data-element_type=\"container\" data-settings=\"{&quot;background_background&quot;:&quot;classic&quot;}\">\n\t\t\t\t<div class=\"elementor-element elementor-element-16e8511 elementor-widget elementor-widget-text-editor\" data-id=\"16e8511\" data-element_type=\"widget\" data-widget_type=\"text-editor.default\">\n\t\t\t\t\t\t\t\t\t<p>Un d\u00e9pannage urgent ? Contactez le 04 248 03 98 !<\/p>\t\t\t\t\t\t\t\t<\/div>\n\t\t\t\t<\/div>\n\t\t\t\t\t<\/div>\n\t\t\t\t<\/div>\n\t\t<div class=\"elementor-element elementor-element-a0a62b7 e-flex e-con-boxed e-con e-parent\" data-id=\"a0a62b7\" data-element_type=\"container\">\n\t\t\t\t\t<div class=\"e-con-inner\">\n\t\t\t\t<div class=\"elementor-element elementor-element-19e4536 elementor-widget-divider--view-line elementor-widget elementor-widget-divider\" data-id=\"19e4536\" data-element_type=\"widget\" data-widget_type=\"divider.default\">\n\t\t\t\t\t\t\t<div class=\"elementor-divider\">\n\t\t\t<span class=\"elementor-divider-separator\">\n\t\t\t\t\t\t<\/span>\n\t\t<\/div>\n\t\t\t\t\t\t<\/div>\n\t\t\t\t\t<\/div>\n\t\t\t\t<\/div>\n\t\t<div class=\"elementor-element elementor-element-eacf950 e-flex e-con-boxed e-con e-parent\" data-id=\"eacf950\" data-element_type=\"container\">\n\t\t\t\t\t<div class=\"e-con-inner\">\n\t\t<div class=\"elementor-element elementor-element-89a6fae e-con-full e-flex e-con e-child\" data-id=\"89a6fae\" data-element_type=\"container\">\n\t\t<div class=\"elementor-element elementor-element-f18586c e-con-full e-flex e-con e-child\" data-id=\"f18586c\" data-element_type=\"container\">\n\t\t\t\t<div class=\"elementor-element elementor-element-400bd9c elementor-widget elementor-widget-heading\" data-id=\"400bd9c\" data-element_type=\"widget\" data-widget_type=\"heading.default\">\n\t\t\t\t\t<h2 class=\"elementor-heading-title elementor-size-default\">Votre Sp\u00e9cialiste en Climatisation Fujitsu et Daikin \u00e0 Li\u00e8ge<\/h2>\t\t\t\t<\/div>\n\t\t\t\t<div class=\"elementor-element elementor-element-b301716 elementor-widget elementor-widget-text-editor\" data-id=\"b301716\" data-element_type=\"widget\" data-widget_type=\"text-editor.default\">\n\t\t\t\t\t\t\t\t\t<div id=\"comp-kq69szhn\" class=\"Z_l5lU ku3DBC zQ9jDz qvSjx3 Vq6kJx comp-kq69szhn wixui-rich-text\" data-testid=\"richTextElement\"><p class=\"font_7 wixui-rich-text__text\"><span class=\"wixui-rich-text__text\">Situ\u00e9e \u00e0 Herm\u00e9e dans la province de Li\u00e8ge, la SPRL Climatisation Jehaes est une entreprise sp\u00e9cialis\u00e9e dans le montage, l\u2019entretien et le d\u00e9pannage d\u2019appareils de climatisation et de pompes \u00e0 chaleur.<\/span><\/p><p class=\"font_7 wixui-rich-text__text\"><span class=\"wixui-rich-text__text\">\u200b<\/span><span class=\"wixui-rich-text__text\">Par notre savoir-faire, exp\u00e9rience (plus de 35 ans) et professionnalisme, tant au service des particuliers que des professionnels, nous mettons tout en \u0153uvre afin de vous fournir les meilleures prestations qui soient et vous satisfaire enti\u00e8rement.<\/span><\/p><p class=\"font_7 wixui-rich-text__text\"><span class=\"wixui-rich-text__text\">\u200b<\/span><span class=\"wixui-rich-text__text\">Nous travaillons principalement avec 2 marques reconnues pour leurs excellents produits: Fujitsu et Daikin<\/span><\/p><p class=\"font_7 wixui-rich-text__text\"><span class=\"wixui-rich-text__text\">\u200b<\/span><span class=\"wixui-rich-text__text\">Afin de satisfaire notre nombreuse client\u00e8le, nous vous proposons \u00e9galement notre gamme de cave \u00e0 vin. Contactez-nous pour tous renseignements.<\/span><\/p><\/div>\t\t\t\t\t\t\t\t<\/div>\n\t\t\t\t<div class=\"elementor-element elementor-element-ba60213 elementor-widget elementor-widget-image\" data-id=\"ba60213\" data-element_type=\"widget\" data-widget_type=\"image.default\">\n\t\t\t\t\t\t\t\t\t\t\t\t\t\t\t<img decoding=\"async\" width=\"300\" height=\"150\" src=\"http:\/\/jehaes.01secu.be\/wp-content\/uploads\/2025\/11\/Daikin_Dwelling.png\" class=\"attachment-large size-large wp-image-188\" alt=\"\" \/>\t\t\t\t\t\t\t\t\t\t\t\t\t\t\t<\/div>\n\t\t\t\t<\/div>\n\t\t\t\t<\/div>\n\t\t<div class=\"elementor-element elementor-element-1964552 e-con-full e-flex e-con e-child\" data-id=\"1964552\" data-element_type=\"container\">\n\t\t<div class=\"elementor-element elementor-element-fc5f369 e-con-full e-flex e-con e-child\" data-id=\"fc5f369\" data-element_type=\"container\">\n\t\t\t\t<div class=\"elementor-element elementor-element-7d6c38b elementor-widget elementor-widget-image\" data-id=\"7d6c38b\" data-element_type=\"widget\" data-widget_type=\"image.default\">\n\t\t\t\t\t\t\t\t\t\t\t\t\t\t\t<img fetchpriority=\"high\" decoding=\"async\" width=\"550\" height=\"350\" src=\"http:\/\/jehaes.01secu.be\/wp-content\/uploads\/2025\/11\/71ec36_69b73843d6b947f0b0e95c5d5ae86bfamv2.png\" class=\"attachment-large size-large wp-image-173\" alt=\"\" srcset=\"http:\/\/jehaes.01secu.be\/wp-content\/uploads\/2025\/11\/71ec36_69b73843d6b947f0b0e95c5d5ae86bfamv2.png 550w, http:\/\/jehaes.01secu.be\/wp-content\/uploads\/2025\/11\/71ec36_69b73843d6b947f0b0e95c5d5ae86bfamv2-300x191.png 300w\" sizes=\"(max-width: 550px) 100vw, 550px\" \/>\t\t\t\t\t\t\t\t\t\t\t\t\t\t\t<\/div>\n\t\t\t\t<\/div>\n\t\t<div class=\"elementor-element elementor-element-55b7b6c e-con-full e-flex e-con e-child\" data-id=\"55b7b6c\" data-element_type=\"container\">\n\t\t\t\t<div class=\"elementor-element elementor-element-8b794e4 elementor-widget elementor-widget-image\" data-id=\"8b794e4\" data-element_type=\"widget\" data-widget_type=\"image.default\">\n\t\t\t\t\t\t\t\t\t\t\t\t\t\t\t<img decoding=\"async\" width=\"499\" height=\"83\" src=\"http:\/\/jehaes.01secu.be\/wp-content\/uploads\/2025\/11\/Fujistu-R-AQUA.png\" class=\"attachment-large size-large wp-image-187\" alt=\"\" srcset=\"http:\/\/jehaes.01secu.be\/wp-content\/uploads\/2025\/11\/Fujistu-R-AQUA.png 499w, http:\/\/jehaes.01secu.be\/wp-content\/uploads\/2025\/11\/Fujistu-R-AQUA-300x50.png 300w\" sizes=\"(max-width: 499px) 100vw, 499px\" \/>\t\t\t\t\t\t\t\t\t\t\t\t\t\t\t<\/div>\n\t\t\t\t<\/div>\n\t\t\t\t<\/div>\n\t\t\t\t\t<\/div>\n\t\t\t\t<\/div>\n\t\t<div class=\"elementor-element elementor-element-33e5916 e-grid e-con-boxed e-con e-parent\" data-id=\"33e5916\" data-element_type=\"container\">\n\t\t\t\t\t<div class=\"e-con-inner\">\n\t\t\t\t<div class=\"elementor-element elementor-element-bce4504 elementor-widget elementor-widget-image\" data-id=\"bce4504\" data-element_type=\"widget\" data-widget_type=\"image.default\">\n\t\t\t\t\t\t\t\t\t\t\t\t\t\t\t<img loading=\"lazy\" decoding=\"async\" width=\"641\" height=\"607\" src=\"http:\/\/jehaes.01secu.be\/wp-content\/uploads\/2025\/11\/b704b2_01e9e6645e8a44f9ac72d483fb1c4447mv2.png\" class=\"attachment-large size-large wp-image-195\" alt=\"\" srcset=\"http:\/\/jehaes.01secu.be\/wp-content\/uploads\/2025\/11\/b704b2_01e9e6645e8a44f9ac72d483fb1c4447mv2.png 641w, http:\/\/jehaes.01secu.be\/wp-content\/uploads\/2025\/11\/b704b2_01e9e6645e8a44f9ac72d483fb1c4447mv2-300x284.png 300w\" sizes=\"(max-width: 641px) 100vw, 641px\" \/>\t\t\t\t\t\t\t\t\t\t\t\t\t\t\t<\/div>\n\t\t\t\t<div class=\"elementor-element elementor-element-efc9fb3 elementor-widget elementor-widget-image\" data-id=\"efc9fb3\" data-element_type=\"widget\" data-widget_type=\"image.default\">\n\t\t\t\t\t\t\t\t\t\t\t\t\t\t\t<img loading=\"lazy\" decoding=\"async\" width=\"1704\" height=\"840\" src=\"http:\/\/jehaes.01secu.be\/wp-content\/uploads\/2025\/11\/Capture.png\" class=\"attachment-2048x2048 size-2048x2048 wp-image-204\" alt=\"\" srcset=\"http:\/\/jehaes.01secu.be\/wp-content\/uploads\/2025\/11\/Capture.png 1704w, http:\/\/jehaes.01secu.be\/wp-content\/uploads\/2025\/11\/Capture-300x148.png 300w, http:\/\/jehaes.01secu.be\/wp-content\/uploads\/2025\/11\/Capture-1024x505.png 1024w, http:\/\/jehaes.01secu.be\/wp-content\/uploads\/2025\/11\/Capture-768x379.png 768w, http:\/\/jehaes.01secu.be\/wp-content\/uploads\/2025\/11\/Capture-1536x757.png 1536w\" sizes=\"(max-width: 1704px) 100vw, 1704px\" \/>\t\t\t\t\t\t\t\t\t\t\t\t\t\t\t<\/div>\n\t\t\t\t\t<\/div>\n\t\t\t\t<\/div>\n\t\t\t\t<\/div>\n\t\t","protected":false},"excerpt":{"rendered":"<p>Un d\u00e9pannage urgent ? Contactez le 04 248 03 98 ! Votre Sp\u00e9cialiste en Climatisation Fujitsu et Daikin \u00e0 Li\u00e8ge Situ\u00e9e \u00e0 Herm\u00e9e dans la province de Li\u00e8ge, la SPRL Climatisation Jehaes est une entreprise sp\u00e9cialis\u00e9e dans le montage, l\u2019entretien et le d\u00e9pannage d\u2019appareils de climatisation et de pompes \u00e0 chaleur. \u200bPar notre savoir-faire, exp\u00e9rience [&hellip;]<\/p>\n","protected":false},"author":1,"featured_media":0,"parent":0,"menu_order":0,"comment_status":"closed","ping_status":"closed","template":"","meta":{"footnotes":""},"class_list":["post-52","page","type-page","status-publish","hentry","entry"],"_links":{"self":[{"href":"https:\/\/jehaes.01secu.be\/index.php\/wp-json\/wp\/v2\/pages\/52","targetHints":{"allow":["GET"]}}],"collection":[{"href":"https:\/\/jehaes.01secu.be\/index.php\/wp-json\/wp\/v2\/pages"}],"about":[{"href":"https:\/\/jehaes.01secu.be\/index.php\/wp-json\/wp\/v2\/types\/page"}],"author":[{"embeddable":true,"href":"https:\/\/jehaes.01secu.be\/index.php\/wp-json\/wp\/v2\/users\/1"}],"replies":[{"embeddable":true,"href":"https:\/\/jehaes.01secu.be\/index.php\/wp-json\/wp\/v2\/comments?post=52"}],"version-history":[{"count":31,"href":"https:\/\/jehaes.01secu.be\/index.php\/wp-json\/wp\/v2\/pages\/52\/revisions"}],"predecessor-version":[{"id":257,"href":"https:\/\/jehaes.01secu.be\/index.php\/wp-json\/wp\/v2\/pages\/52\/revisions\/257"}],"wp:attachment":[{"href":"https:\/\/jehaes.01secu.be\/index.php\/wp-json\/wp\/v2\/media?parent=52"}],"curies":[{"name":"wp","href":"https:\/\/api.w.org\/{rel}","templated":true}]}}